{"id":3,"date":"2023-03-16T08:20:16","date_gmt":"2023-03-16T08:20:16","guid":{"rendered":"http:\/\/terueltaxi.com\/?page_id=3"},"modified":"2024-02-08T11:58:12","modified_gmt":"2024-02-08T11:58:12","slug":"politica-privacidad","status":"publish","type":"page","link":"https:\/\/terueltaxi.com\/index.php\/politica-privacidad\/","title":{"rendered":"Pol\u00edtica de privacidad"},"content":{"rendered":"\n<h3 class=\"wp-block-heading\">Qui\u00e9nes somos &#8211; responsable<\/h3>\n\n\n\n<p><\/p>\n\n\n\n<p><\/p>\n\n\n\n<h3 class=\"wp-block-heading\">Comentarios<\/h3>\n\n\n\n<p><strong>Finalidad<\/strong><\/p>\n\n\n\n<p>Gesti\u00f3n de su consulta\/solicitud remitida a trav\u00e9s de nuestra p\u00e1gina web<\/p>\n\n\n\n<p><strong>Legitimaci\u00f3n<\/strong><\/p>\n\n\n\n<p>Su consentimiento expresado por la marcaci\u00f3n del check box<\/p>\n\n\n\n<p>Destinatarios<\/p>\n\n\n\n<p>No se ceder\u00e1n datos a terceros, salvo obligaci\u00f3n legal<\/p>\n\n\n\n<p>Derechos<\/p>\n\n\n\n<p>Acceder, rectificar y suprimir los datos as\u00ed como otros derechos, como se explica en la informaci\u00f3n adicional<\/p>\n\n\n\n<p><strong>INFORMACI\u00d3N ADICIONAL SOBRE PROTECCI\u00d3N DE DATOS<\/strong><\/p>\n\n\n\n<p>\u00bfQui\u00e9n es el Responsable del tratamiento de sus datos?<\/p>\n\n\n\n<p>Identidad: MANUEL GONZALVO CATALAN<\/p>\n\n\n\n<p>Dir. Postal: C\/ La Rosa, 21 44003 Teruel<\/p>\n\n\n\n<p>Tel\u00e9fono: 608639829<\/p>\n\n\n\n<p>Correo electr\u00f3nico: taxigonzalvo@gmail.com<\/p>\n\n\n\n<p><strong>\u00bfCon qu\u00e9 finalidad tratamos sus datos personales?<\/strong><\/p>\n\n\n\n<p>En MANUEL GONZALVO CATALAN tratamos la informaci\u00f3n que nos facilitan nuestros usuarios para atender sus consultas y comentarios, as\u00ed como en su caso mantener el contacto para informarle sobre nuestros productos\/servicios.<\/p>\n\n\n\n<p><strong>\u00bfPor cu\u00e1nto tiempo conservaremos sus datos?<\/strong><\/p>\n\n\n\n<p>Los datos personales proporcionados se conservar\u00e1n en todo caso mientras exista una relaci\u00f3n comercial, y durante el plazo m\u00e1ximo establecido en Normativa aplicable a partir del fin de \u00e9sta.<\/p>\n\n\n\n<p><strong>\u00bfCu\u00e1l es la legitimaci\u00f3n para el tratamiento de sus datos?<\/strong><\/p>\n\n\n\n<p>La base legal para el tratamiento de sus datos es la prestaci\u00f3n de su consentimiento a trav\u00e9s de la marcaci\u00f3n del check box que Vd. podr\u00e1 revocar en cualquier momento.<\/p>\n\n\n\n<p><strong>\u00bfA qu\u00e9 destinatarios se comunicar\u00e1n sus datos?<\/strong><\/p>\n\n\n\n<p>No se comunicar\u00e1n sus datos a terceros. No se prev\u00e9n transferencias a terceros pa\u00edses.<\/p>\n\n\n\n<p><strong>\u00bfCu\u00e1les son sus derechos cuando nos facilita sus datos?<\/strong><\/p>\n\n\n\n<p>Cualquier persona tiene derecho a obtener confirmaci\u00f3n sobre si en MANUEL GONZALVO CATALAN estamos tratando datos personales que les conciernan, o no.<\/p>\n\n\n\n<p>Las personas interesadas tienen derecho a acceder a sus datos personales, as\u00ed como a solicitar la rectificaci\u00f3n de los datos inexactos o, en su caso, solicitar su supresi\u00f3n cuando, entre otros motivos, los datos ya no sean necesarios para los fines para los que fueron recogidos.<\/p>\n\n\n\n<p>En determinadas circunstancias, los interesados podr\u00e1n solicitar la limitaci\u00f3n del tratamiento de sus datos, en cuyo caso \u00fanicamente los conservaremos para el ejercicio o defensa de reclamaciones.<\/p>\n\n\n\n<p>En determinadas circunstancias y por motivos relacionados con su situaci\u00f3n particular, los interesados podr\u00e1n oponerse al tratamiento de sus datos. MANUEL GONZALVO CATALAN dejar\u00e1 de tratar los datos, salvo por motivos leg\u00edtimos e imperiosos, o el ejercicio o la defensa de posibles reclamaciones.<\/p>\n\n\n\n<p>Asimismo, en determinadas circunstancias y cuando sea t\u00e9cnicamente posible, los interesados tienen derecho a que los datos personales se transmitan directamente a otro responsable a solicitud suya.<\/p>\n\n\n\n<p>Para el ejercicio de estos derechos, dirija un escrito a: C\/ La Rosa, 21 44003 Teruel o taxigonzalvo@gmail.com, acompa\u00f1ado de copia de su DNI.<\/p>\n\n\n\n<p>De igual modo, puede ponerse en contacto con la Agencia Espa\u00f1ola de Protecci\u00f3n de Datos, especialmente cuando no haya obtenido satisfacci\u00f3n en el ejercicio de sus derechos.<\/p>\n\n\n\n<p>Teruel Taxi &#8211; C\/La Rosa 21, 44003 Teruel &#8211; 608639829<\/p>\n\n\n\n<p><\/p>\n","protected":false},"excerpt":{"rendered":"<p>Qui\u00e9nes somos &#8211; responsable Comentarios Finalidad Gesti\u00f3n de su consulta\/solicitud remitida a trav\u00e9s de nuestra p\u00e1gina web Legitimaci\u00f3n Su consentimiento expresado por la marcaci\u00f3n del check box Destinatarios No se ceder\u00e1n datos a terceros, salvo obligaci\u00f3n legal Derechos Acceder, rectificar y suprimir los datos as\u00ed como otros derechos, como se explica en la informaci\u00f3n adicional<\/p>\n<p class=\"more-link\"><a href=\"https:\/\/terueltaxi.com\/index.php\/politica-privacidad\/\" class=\"themebutton2\">READ MORE<\/a><\/p>\n","protected":false},"author":1,"featured_media":0,"parent":0,"menu_order":0,"comment_status":"closed","ping_status":"open","template":"","meta":{"footnotes":""},"class_list":["post-3","page","type-page","status-publish","hentry"],"yoast_head":"<!-- This site is optimized with the Yoast SEO plugin v20.4 - https:\/\/yoast.com\/wordpress\/plugins\/seo\/ -->\n<title>Pol\u00edtica de privacidad - Teruel Taxi<\/title>\n<meta name=\"robots\" content=\"index, follow, max-snippet:-1, max-image-preview:large, max-video-preview:-1\" \/>\n<link rel=\"canonical\" href=\"https:\/\/terueltaxi.com\/index.php\/politica-privacidad\/\" \/>\n<meta property=\"og:locale\" content=\"es_ES\" \/>\n<meta property=\"og:type\" content=\"article\" \/>\n<meta property=\"og:title\" content=\"Pol\u00edtica de privacidad - Teruel Taxi\" \/>\n<meta property=\"og:description\" content=\"Qui\u00e9nes somos &#8211; responsable Comentarios Finalidad Gesti\u00f3n de su consulta\/solicitud remitida a trav\u00e9s de nuestra p\u00e1gina web Legitimaci\u00f3n Su consentimiento expresado por la marcaci\u00f3n del check box Destinatarios No se ceder\u00e1n datos a terceros, salvo obligaci\u00f3n legal Derechos Acceder, rectificar y suprimir los datos as\u00ed como otros derechos, como se explica en la informaci\u00f3n adicionalREAD MORE\" \/>\n<meta property=\"og:url\" content=\"https:\/\/terueltaxi.com\/index.php\/politica-privacidad\/\" \/>\n<meta property=\"og:site_name\" content=\"Teruel Taxi\" \/>\n<meta property=\"article:modified_time\" content=\"2024-02-08T11:58:12+00:00\" \/>\n<meta name=\"twitter:card\" content=\"summary_large_image\" \/>\n<meta name=\"twitter:label1\" content=\"Tiempo de lectura\" \/>\n\t<meta name=\"twitter:data1\" content=\"3 minutos\" \/>\n<script type=\"application\/ld+json\" class=\"yoast-schema-graph\">{\"@context\":\"https:\/\/schema.org\",\"@graph\":[{\"@type\":\"WebPage\",\"@id\":\"https:\/\/terueltaxi.com\/index.php\/politica-privacidad\/\",\"url\":\"https:\/\/terueltaxi.com\/index.php\/politica-privacidad\/\",\"name\":\"Pol\u00edtica de privacidad - Teruel Taxi\",\"isPartOf\":{\"@id\":\"https:\/\/terueltaxi.com\/#website\"},\"datePublished\":\"2023-03-16T08:20:16+00:00\",\"dateModified\":\"2024-02-08T11:58:12+00:00\",\"breadcrumb\":{\"@id\":\"https:\/\/terueltaxi.com\/index.php\/politica-privacidad\/#breadcrumb\"},\"inLanguage\":\"es\",\"potentialAction\":[{\"@type\":\"ReadAction\",\"target\":[\"https:\/\/terueltaxi.com\/index.php\/politica-privacidad\/\"]}]},{\"@type\":\"BreadcrumbList\",\"@id\":\"https:\/\/terueltaxi.com\/index.php\/politica-privacidad\/#breadcrumb\",\"itemListElement\":[{\"@type\":\"ListItem\",\"position\":1,\"name\":\"Portada\",\"item\":\"https:\/\/terueltaxi.com\/\"},{\"@type\":\"ListItem\",\"position\":2,\"name\":\"Pol\u00edtica de privacidad\"}]},{\"@type\":\"WebSite\",\"@id\":\"https:\/\/terueltaxi.com\/#website\",\"url\":\"https:\/\/terueltaxi.com\/\",\"name\":\"Taxi en Teruel\",\"description\":\"Taxi de Manolo Gonzalvo - Teruel\",\"potentialAction\":[{\"@type\":\"SearchAction\",\"target\":{\"@type\":\"EntryPoint\",\"urlTemplate\":\"https:\/\/terueltaxi.com\/?s={search_term_string}\"},\"query-input\":\"required name=search_term_string\"}],\"inLanguage\":\"es\"}]}<\/script>\n<!-- \/ Yoast SEO plugin. -->","yoast_head_json":{"title":"Pol\u00edtica de privacidad - Teruel Taxi","robots":{"index":"index","follow":"follow","max-snippet":"max-snippet:-1","max-image-preview":"max-image-preview:large","max-video-preview":"max-video-preview:-1"},"canonical":"https:\/\/terueltaxi.com\/index.php\/politica-privacidad\/","og_locale":"es_ES","og_type":"article","og_title":"Pol\u00edtica de privacidad - Teruel Taxi","og_description":"Qui\u00e9nes somos &#8211; responsable Comentarios Finalidad Gesti\u00f3n de su consulta\/solicitud remitida a trav\u00e9s de nuestra p\u00e1gina web Legitimaci\u00f3n Su consentimiento expresado por la marcaci\u00f3n del check box Destinatarios No se ceder\u00e1n datos a terceros, salvo obligaci\u00f3n legal Derechos Acceder, rectificar y suprimir los datos as\u00ed como otros derechos, como se explica en la informaci\u00f3n adicionalREAD MORE","og_url":"https:\/\/terueltaxi.com\/index.php\/politica-privacidad\/","og_site_name":"Teruel Taxi","article_modified_time":"2024-02-08T11:58:12+00:00","twitter_card":"summary_large_image","twitter_misc":{"Tiempo de lectura":"3 minutos"},"schema":{"@context":"https:\/\/schema.org","@graph":[{"@type":"WebPage","@id":"https:\/\/terueltaxi.com\/index.php\/politica-privacidad\/","url":"https:\/\/terueltaxi.com\/index.php\/politica-privacidad\/","name":"Pol\u00edtica de privacidad - Teruel Taxi","isPartOf":{"@id":"https:\/\/terueltaxi.com\/#website"},"datePublished":"2023-03-16T08:20:16+00:00","dateModified":"2024-02-08T11:58:12+00:00","breadcrumb":{"@id":"https:\/\/terueltaxi.com\/index.php\/politica-privacidad\/#breadcrumb"},"inLanguage":"es","potentialAction":[{"@type":"ReadAction","target":["https:\/\/terueltaxi.com\/index.php\/politica-privacidad\/"]}]},{"@type":"BreadcrumbList","@id":"https:\/\/terueltaxi.com\/index.php\/politica-privacidad\/#breadcrumb","itemListElement":[{"@type":"ListItem","position":1,"name":"Portada","item":"https:\/\/terueltaxi.com\/"},{"@type":"ListItem","position":2,"name":"Pol\u00edtica de privacidad"}]},{"@type":"WebSite","@id":"https:\/\/terueltaxi.com\/#website","url":"https:\/\/terueltaxi.com\/","name":"Taxi en Teruel","description":"Taxi de Manolo Gonzalvo - Teruel","potentialAction":[{"@type":"SearchAction","target":{"@type":"EntryPoint","urlTemplate":"https:\/\/terueltaxi.com\/?s={search_term_string}"},"query-input":"required name=search_term_string"}],"inLanguage":"es"}]}},"_links":{"self":[{"href":"https:\/\/terueltaxi.com\/index.php\/wp-json\/wp\/v2\/pages\/3","targetHints":{"allow":["GET"]}}],"collection":[{"href":"https:\/\/terueltaxi.com\/index.php\/wp-json\/wp\/v2\/pages"}],"about":[{"href":"https:\/\/terueltaxi.com\/index.php\/wp-json\/wp\/v2\/types\/page"}],"author":[{"embeddable":true,"href":"https:\/\/terueltaxi.com\/index.php\/wp-json\/wp\/v2\/users\/1"}],"replies":[{"embeddable":true,"href":"https:\/\/terueltaxi.com\/index.php\/wp-json\/wp\/v2\/comments?post=3"}],"version-history":[{"count":3,"href":"https:\/\/terueltaxi.com\/index.php\/wp-json\/wp\/v2\/pages\/3\/revisions"}],"predecessor-version":[{"id":55,"href":"https:\/\/terueltaxi.com\/index.php\/wp-json\/wp\/v2\/pages\/3\/revisions\/55"}],"wp:attachment":[{"href":"https:\/\/terueltaxi.com\/index.php\/wp-json\/wp\/v2\/media?parent=3"}],"curies":[{"name":"wp","href":"https:\/\/api.w.org\/{rel}","templated":true}]}}